{"id":98,"date":"2020-06-01T20:30:44","date_gmt":"2020-06-01T18:30:44","guid":{"rendered":"http:\/\/psychannabelle.com\/?page_id=98"},"modified":"2022-10-28T19:20:58","modified_gmt":"2022-10-28T17:20:58","slug":"psychotherapie","status":"publish","type":"page","link":"https:\/\/psychannabelle.com\/index.php\/psychotherapie\/","title":{"rendered":"Psychoth\u00e9rapie"},"content":{"rendered":"\n<p>La pratique en <strong>psychoth\u00e9rapie<\/strong> est une <strong>d\u00e9marche de r\u00e9flexion<\/strong> et de questionnement sur un <strong>mal-\u00eatre<\/strong>, un sympt\u00f4me et plus g\u00e9n\u00e9ralement des difficult\u00e9s \u00e0 vivre. <\/p>\n\n\n\n<p>Elle se d\u00e9roule en face \u00e0 face, le patient face au praticien, ce dernier l&rsquo;accompagne dans un cheminement personnel. <\/p>\n\n\n\n<p>Certains y trouveront les <strong>r\u00e9ponses<\/strong> qu&rsquo;ils cherchent et un <strong>apaisement<\/strong> en souffrance qu&rsquo;ils \u00e9prouvent. Ils d\u00e9cideront alors de mettre un terme \u00e0 leur d\u00e9marche, suffisamment apais\u00e9 pour continuer ainsi leur route. <\/p>\n\n\n\n<p>D&rsquo;autres exprimeront un questionnement plus profond sur leur propre <strong>fonctionnement psychique<\/strong>, ce d\u00e9sir leur permettra d&rsquo;entrer en <strong><a href=\"http:\/\/psychannabelle.com\/index.php\/psychanalyse\/\">psychanalyse<\/a><\/strong> qui ouvrira la voie vers une transformation de soi.<\/p>\n\n\n\n<h4>Sp\u00e9cialisations dans les probl\u00e9matiques<\/h4>\n\n\n\n<ul><li>De l&rsquo;enfance ou de l&rsquo;adolescence<\/li><li>De la communication (dysplasie, autisme)<\/li><li>Du comportement (attention, hyperactivit\u00e9, opposition)<\/li><li>De la conduite (TICS, syndrome de Gilles de la Tourette)<\/li><li>Alimentaires (anorexie et boulimie)<\/li><li>Du contr\u00f4le sphinct\u00e9rien (\u00e9nur\u00e9sie)<\/li><li>De l&rsquo;addiction<\/li><li>Trouble sexuel (baisse du d\u00e9sir sexuel, aversion sexuelle, trouble de l&rsquo;\u00e9rection, de l&rsquo;orgasme, vaginisme, dyspareunie)<\/li><\/ul>\n\n\n\n<div class=\"wp-block-buttons is-content-justification-center\">\n<div class=\"wp-block-button\"><a class=\"wp-block-button__link\" href=\"https:\/\/perfactive.fr\/psychanalyste\/courcelles-sur-nied\/annabelle-sabatie-weber\" target=\"_blank\" rel=\"noreferrer noopener\">prendre rdv<\/a><\/div>\n<\/div>\n\n\n\n<p><\/p>\n","protected":false},"excerpt":{"rendered":"<p>La pratique en psychoth\u00e9rapie est une d\u00e9marche de r\u00e9flexion et de questionnement sur un mal-\u00eatre, un sympt\u00f4me et plus g\u00e9n\u00e9ralement des difficult\u00e9s \u00e0 vivre. Elle se d\u00e9roule en face \u00e0 face, le patient face au praticien, ce dernier l&rsquo;accompagne dans un cheminement personnel. Certains y trouveront les r\u00e9ponses qu&rsquo;ils cherchent et un apaisement en souffrance [&hellip;]<\/p>\n","protected":false},"author":1,"featured_media":0,"parent":0,"menu_order":0,"comment_status":"closed","ping_status":"closed","template":"","meta":[],"yoast_head":"<!-- This site is optimized with the Yoast SEO plugin v14.2 - https:\/\/yoast.com\/wordpress\/plugins\/seo\/ -->\n<title>Psychoth\u00e9rapie - Annabelle Sabati\u00e9<\/title>\n<meta name=\"robots\" content=\"index, follow\" \/>\n<meta name=\"googlebot\" content=\"index, follow, max-snippet:-1, max-image-preview:large, max-video-preview:-1\" \/>\n<meta name=\"bingbot\" content=\"index, follow, max-snippet:-1, max-image-preview:large, max-video-preview:-1\" \/>\n<link rel=\"canonical\" href=\"https:\/\/psychannabelle.com\/index.php\/psychotherapie\/\" \/>\n<meta property=\"og:locale\" content=\"fr_FR\" \/>\n<meta property=\"og:type\" content=\"article\" \/>\n<meta property=\"og:title\" content=\"Psychoth\u00e9rapie - Annabelle Sabati\u00e9\" \/>\n<meta property=\"og:description\" content=\"La pratique en psychoth\u00e9rapie est une d\u00e9marche de r\u00e9flexion et de questionnement sur un mal-\u00eatre, un sympt\u00f4me et plus g\u00e9n\u00e9ralement des difficult\u00e9s \u00e0 vivre. Elle se d\u00e9roule en face \u00e0 face, le patient face au praticien, ce dernier l&rsquo;accompagne dans un cheminement personnel. Certains y trouveront les r\u00e9ponses qu&rsquo;ils cherchent et un apaisement en souffrance [&hellip;]\" \/>\n<meta property=\"og:url\" content=\"https:\/\/psychannabelle.com\/index.php\/psychotherapie\/\" \/>\n<meta property=\"og:site_name\" content=\"Annabelle Sabati\u00e9\" \/>\n<meta property=\"article:modified_time\" content=\"2022-10-28T17:20:58+00:00\" \/>\n<meta name=\"twitter:card\" content=\"summary_large_image\" \/>\n<script type=\"application\/ld+json\" class=\"yoast-schema-graph\">{\"@context\":\"https:\/\/schema.org\",\"@graph\":[{\"@type\":[\"Person\",\"Organization\"],\"@id\":\"https:\/\/psychannabelle.com\/#\/schema\/person\/88445233405a9bd00f761d6c7891139e\",\"name\":\"annabellepsy\",\"image\":{\"@type\":\"ImageObject\",\"@id\":\"https:\/\/psychannabelle.com\/#personlogo\",\"inLanguage\":\"fr-FR\",\"url\":\"https:\/\/secure.gravatar.com\/avatar\/fd107e3fa90458ed3e6137f0d37890b0?s=96&d=mm&r=g\",\"caption\":\"annabellepsy\"},\"logo\":{\"@id\":\"https:\/\/psychannabelle.com\/#personlogo\"}},{\"@type\":\"WebSite\",\"@id\":\"https:\/\/psychannabelle.com\/#website\",\"url\":\"https:\/\/psychannabelle.com\/\",\"name\":\"Annabelle Sabati\\u00e9\",\"description\":\"Psychoth\\u00e9rapie, psychanalyse, sophrologie et hypnoth\\u00e9rapie en t\\u00e9l\\u00e9consultation ou en cabinet.\",\"publisher\":{\"@id\":\"https:\/\/psychannabelle.com\/#\/schema\/person\/88445233405a9bd00f761d6c7891139e\"},\"potentialAction\":[{\"@type\":\"SearchAction\",\"target\":\"https:\/\/psychannabelle.com\/?s={search_term_string}\",\"query-input\":\"required name=search_term_string\"}],\"inLanguage\":\"fr-FR\"},{\"@type\":\"WebPage\",\"@id\":\"https:\/\/psychannabelle.com\/index.php\/psychotherapie\/#webpage\",\"url\":\"https:\/\/psychannabelle.com\/index.php\/psychotherapie\/\",\"name\":\"Psychoth\\u00e9rapie - Annabelle Sabati\\u00e9\",\"isPartOf\":{\"@id\":\"https:\/\/psychannabelle.com\/#website\"},\"datePublished\":\"2020-06-01T18:30:44+00:00\",\"dateModified\":\"2022-10-28T17:20:58+00:00\",\"inLanguage\":\"fr-FR\",\"potentialAction\":[{\"@type\":\"ReadAction\",\"target\":[\"https:\/\/psychannabelle.com\/index.php\/psychotherapie\/\"]}]}]}<\/script>\n<!-- \/ Yoast SEO plugin. -->","_links":{"self":[{"href":"https:\/\/psychannabelle.com\/index.php\/wp-json\/wp\/v2\/pages\/98"}],"collection":[{"href":"https:\/\/psychannabelle.com\/index.php\/wp-json\/wp\/v2\/pages"}],"about":[{"href":"https:\/\/psychannabelle.com\/index.php\/wp-json\/wp\/v2\/types\/page"}],"author":[{"embeddable":true,"href":"https:\/\/psychannabelle.com\/index.php\/wp-json\/wp\/v2\/users\/1"}],"replies":[{"embeddable":true,"href":"https:\/\/psychannabelle.com\/index.php\/wp-json\/wp\/v2\/comments?post=98"}],"version-history":[{"count":7,"href":"https:\/\/psychannabelle.com\/index.php\/wp-json\/wp\/v2\/pages\/98\/revisions"}],"predecessor-version":[{"id":452,"href":"https:\/\/psychannabelle.com\/index.php\/wp-json\/wp\/v2\/pages\/98\/revisions\/452"}],"wp:attachment":[{"href":"https:\/\/psychannabelle.com\/index.php\/wp-json\/wp\/v2\/media?parent=98"}],"curies":[{"name":"wp","href":"https:\/\/api.w.org\/{rel}","templated":true}]}}