{"id":97,"date":"2020-06-01T20:30:44","date_gmt":"2020-06-01T18:30:44","guid":{"rendered":"http:\/\/psychannabelle.com\/?page_id=97"},"modified":"2022-10-28T19:20:40","modified_gmt":"2022-10-28T17:20:40","slug":"psychanalyse","status":"publish","type":"page","link":"https:\/\/psychannabelle.com\/index.php\/psychanalyse\/","title":{"rendered":"Psychanalyse"},"content":{"rendered":"\n<p>La <strong>psychanalyse<\/strong> englobe l&rsquo;\u00eatre dans sa globalit\u00e9 et laisse place \u00e0 <strong>l&rsquo;inconscient<\/strong>. Le patient exprime un d\u00e9sir de savoir. C&rsquo;est ce d\u00e9sir qui sera moteur de sa cure et qui permettra au <strong>psychanalysant<\/strong> d&rsquo;acc\u00e9der \u00e0 la position du sujet c&rsquo;est-\u00e0-dire capable de vivre sa vie sans la subir, dans l&rsquo;\u00eatre acteur et responsable.<\/p>\n\n\n\n<h4>Sp\u00e9cialisations dans les probl\u00e9matiques<\/h4>\n\n\n\n<ul><li>De l&rsquo;enfance ou de l&rsquo;adolescence<\/li><li>De la communication (dysplasie, autisme)<\/li><li>Du comportement (attention, hyperactivit\u00e9, opposition)<\/li><li>De la conduite (TICS, syndrome de Gilles de la Tourette)<\/li><li>Alimentaires (anorexie et boulimie)<\/li><li>Du contr\u00f4le sphinct\u00e9rien (\u00e9nur\u00e9sie)<\/li><li>De l&rsquo;addiction<\/li><li>De l&rsquo;humeur (bipolaire, d\u00e9pression)<\/li><li>Somatoforme (hypocondrie)<\/li><\/ul>\n\n\n\n<div class=\"wp-block-buttons is-content-justification-center\">\n<div class=\"wp-block-button\"><a class=\"wp-block-button__link\" href=\"https:\/\/perfactive.fr\/psychanalyste\/courcelles-sur-nied\/annabelle-sabatie-weber\">Prendre rdv<\/a><\/div>\n<\/div>\n","protected":false},"excerpt":{"rendered":"<p>La psychanalyse englobe l&rsquo;\u00eatre dans sa globalit\u00e9 et laisse place \u00e0 l&rsquo;inconscient. Le patient exprime un d\u00e9sir de savoir. C&rsquo;est ce d\u00e9sir qui sera moteur de sa cure et qui permettra au psychanalysant d&rsquo;acc\u00e9der \u00e0 la position du sujet c&rsquo;est-\u00e0-dire capable de vivre sa vie sans la subir, dans l&rsquo;\u00eatre acteur et responsable. Sp\u00e9cialisations dans [&hellip;]<\/p>\n","protected":false},"author":1,"featured_media":0,"parent":0,"menu_order":0,"comment_status":"closed","ping_status":"closed","template":"","meta":[],"yoast_head":"<!-- This site is optimized with the Yoast SEO plugin v14.2 - https:\/\/yoast.com\/wordpress\/plugins\/seo\/ -->\n<title>Psychanalyse - Annabelle Sabati\u00e9<\/title>\n<meta name=\"robots\" content=\"index, follow\" \/>\n<meta name=\"googlebot\" content=\"index, follow, max-snippet:-1, max-image-preview:large, max-video-preview:-1\" \/>\n<meta name=\"bingbot\" content=\"index, follow, max-snippet:-1, max-image-preview:large, max-video-preview:-1\" \/>\n<link rel=\"canonical\" href=\"https:\/\/psychannabelle.com\/index.php\/psychanalyse\/\" \/>\n<meta property=\"og:locale\" content=\"fr_FR\" \/>\n<meta property=\"og:type\" content=\"article\" \/>\n<meta property=\"og:title\" content=\"Psychanalyse - Annabelle Sabati\u00e9\" \/>\n<meta property=\"og:description\" content=\"La psychanalyse englobe l&rsquo;\u00eatre dans sa globalit\u00e9 et laisse place \u00e0 l&rsquo;inconscient. Le patient exprime un d\u00e9sir de savoir. C&rsquo;est ce d\u00e9sir qui sera moteur de sa cure et qui permettra au psychanalysant d&rsquo;acc\u00e9der \u00e0 la position du sujet c&rsquo;est-\u00e0-dire capable de vivre sa vie sans la subir, dans l&rsquo;\u00eatre acteur et responsable. Sp\u00e9cialisations dans [&hellip;]\" \/>\n<meta property=\"og:url\" content=\"https:\/\/psychannabelle.com\/index.php\/psychanalyse\/\" \/>\n<meta property=\"og:site_name\" content=\"Annabelle Sabati\u00e9\" \/>\n<meta property=\"article:modified_time\" content=\"2022-10-28T17:20:40+00:00\" \/>\n<meta name=\"twitter:card\" content=\"summary_large_image\" \/>\n<script type=\"application\/ld+json\" class=\"yoast-schema-graph\">{\"@context\":\"https:\/\/schema.org\",\"@graph\":[{\"@type\":[\"Person\",\"Organization\"],\"@id\":\"https:\/\/psychannabelle.com\/#\/schema\/person\/88445233405a9bd00f761d6c7891139e\",\"name\":\"annabellepsy\",\"image\":{\"@type\":\"ImageObject\",\"@id\":\"https:\/\/psychannabelle.com\/#personlogo\",\"inLanguage\":\"fr-FR\",\"url\":\"https:\/\/secure.gravatar.com\/avatar\/fd107e3fa90458ed3e6137f0d37890b0?s=96&d=mm&r=g\",\"caption\":\"annabellepsy\"},\"logo\":{\"@id\":\"https:\/\/psychannabelle.com\/#personlogo\"}},{\"@type\":\"WebSite\",\"@id\":\"https:\/\/psychannabelle.com\/#website\",\"url\":\"https:\/\/psychannabelle.com\/\",\"name\":\"Annabelle Sabati\\u00e9\",\"description\":\"Psychoth\\u00e9rapie, psychanalyse, sophrologie et hypnoth\\u00e9rapie en t\\u00e9l\\u00e9consultation ou en cabinet.\",\"publisher\":{\"@id\":\"https:\/\/psychannabelle.com\/#\/schema\/person\/88445233405a9bd00f761d6c7891139e\"},\"potentialAction\":[{\"@type\":\"SearchAction\",\"target\":\"https:\/\/psychannabelle.com\/?s={search_term_string}\",\"query-input\":\"required name=search_term_string\"}],\"inLanguage\":\"fr-FR\"},{\"@type\":\"WebPage\",\"@id\":\"https:\/\/psychannabelle.com\/index.php\/psychanalyse\/#webpage\",\"url\":\"https:\/\/psychannabelle.com\/index.php\/psychanalyse\/\",\"name\":\"Psychanalyse - Annabelle Sabati\\u00e9\",\"isPartOf\":{\"@id\":\"https:\/\/psychannabelle.com\/#website\"},\"datePublished\":\"2020-06-01T18:30:44+00:00\",\"dateModified\":\"2022-10-28T17:20:40+00:00\",\"inLanguage\":\"fr-FR\",\"potentialAction\":[{\"@type\":\"ReadAction\",\"target\":[\"https:\/\/psychannabelle.com\/index.php\/psychanalyse\/\"]}]}]}<\/script>\n<!-- \/ Yoast SEO plugin. -->","_links":{"self":[{"href":"https:\/\/psychannabelle.com\/index.php\/wp-json\/wp\/v2\/pages\/97"}],"collection":[{"href":"https:\/\/psychannabelle.com\/index.php\/wp-json\/wp\/v2\/pages"}],"about":[{"href":"https:\/\/psychannabelle.com\/index.php\/wp-json\/wp\/v2\/types\/page"}],"author":[{"embeddable":true,"href":"https:\/\/psychannabelle.com\/index.php\/wp-json\/wp\/v2\/users\/1"}],"replies":[{"embeddable":true,"href":"https:\/\/psychannabelle.com\/index.php\/wp-json\/wp\/v2\/comments?post=97"}],"version-history":[{"count":5,"href":"https:\/\/psychannabelle.com\/index.php\/wp-json\/wp\/v2\/pages\/97\/revisions"}],"predecessor-version":[{"id":451,"href":"https:\/\/psychannabelle.com\/index.php\/wp-json\/wp\/v2\/pages\/97\/revisions\/451"}],"wp:attachment":[{"href":"https:\/\/psychannabelle.com\/index.php\/wp-json\/wp\/v2\/media?parent=97"}],"curies":[{"name":"wp","href":"https:\/\/api.w.org\/{rel}","templated":true}]}}