{"id":331,"date":"2020-06-06T19:36:04","date_gmt":"2020-06-06T17:36:04","guid":{"rendered":"http:\/\/psychannabelle.com\/?page_id=331"},"modified":"2022-10-28T19:18:54","modified_gmt":"2022-10-28T17:18:54","slug":"realisation-de-soi","status":"publish","type":"page","link":"https:\/\/psychannabelle.com\/index.php\/ateliers-bien-etre\/realisation-de-soi\/","title":{"rendered":"R\u00e9alisation de soi"},"content":{"rendered":"\n<ul><li>Conna\u00eetre ses motivations, r\u00e9ussir, donner sens \u00e0 nos actes, nos choix et notre vie<\/li><li>S&rsquo;am\u00e9liorer gr\u00e2ce \u00e0 ses erreurs et oser \u00eatre<\/li><li>G\u00e9rer ses \u00e9motions et agir<\/li><li>Se fixer des objectifs et savoir les atteindre<\/li><\/ul>\n\n\n\n<h4>Modalit\u00e9s<\/h4>\n\n\n\n<p>Atelier en petit groupe (10 personnes maximum)<br>Sur 2 jours de 10h00 \u00e0 17h00<br>295\u20ac<\/p>\n\n\n\n<h4>Prochaines dates<\/h4>\n\n\n\n<p><strong><span class=\"has-inline-color has-accent-color\">Sessions compl\u00e8tes en 202<\/span><\/strong>1<br><br>Samedi 13 et 14 mars 2021 \u00e0 Metz (57 Moselle)<br>Samedi 3 et 4 avril 2021 (56 Morbihan)<br>Samedi 8 et dimanche 9 mai 2021 \u00e0 Metz (57 Moselle)<br>Samedi 5 et dimanche 6 juin \u00e0 Vannes (56 Morbihan)<\/p>\n\n\n\n<p><span class=\"has-inline-color has-accent-color\"><strong>Sessions \u00e0 venir en 2022<\/strong><\/span><br><br>Samedi 19 et 20 mars 2022 \u00e0 BELZ VANNES (56 Morbihan) <\/p>\n\n\n\n<p>Reste 4 places<\/p>\n\n\n\n<p><br>Samedi 14 et dimanche 15 mai 2022 \u00e0 BELZ VANNES ( (56 Morbihan)<\/p>\n\n\n\n<p>Reste 3 places<\/p>\n\n\n\n<div class=\"wp-block-buttons is-content-justification-center\">\n<div class=\"wp-block-button\"><a class=\"wp-block-button__link\" href=\"https:\/\/perfactive.fr\/psychanalyste\/courcelles-sur-nied\/annabelle-sabatie-weber\">R\u00c9SERVER<\/a><\/div>\n<\/div>\n","protected":false},"excerpt":{"rendered":"<p>Conna\u00eetre ses motivations, r\u00e9ussir, donner sens \u00e0 nos actes, nos choix et notre vie S&rsquo;am\u00e9liorer gr\u00e2ce \u00e0 ses erreurs et oser \u00eatre G\u00e9rer ses \u00e9motions et agir Se fixer des objectifs et savoir les atteindre Modalit\u00e9s Atelier en petit groupe (10 personnes maximum)Sur 2 jours de 10h00 \u00e0 17h00295\u20ac Prochaines dates Sessions compl\u00e8tes en 2021 [&hellip;]<\/p>\n","protected":false},"author":1,"featured_media":0,"parent":101,"menu_order":0,"comment_status":"closed","ping_status":"closed","template":"","meta":[],"yoast_head":"<!-- This site is optimized with the Yoast SEO plugin v14.2 - https:\/\/yoast.com\/wordpress\/plugins\/seo\/ -->\n<title>R\u00e9alisation de soi - Annabelle Sabati\u00e9<\/title>\n<meta name=\"robots\" content=\"index, follow\" \/>\n<meta name=\"googlebot\" content=\"index, follow, max-snippet:-1, max-image-preview:large, max-video-preview:-1\" \/>\n<meta name=\"bingbot\" content=\"index, follow, max-snippet:-1, max-image-preview:large, max-video-preview:-1\" \/>\n<link rel=\"canonical\" href=\"https:\/\/psychannabelle.com\/index.php\/ateliers-bien-etre\/realisation-de-soi\/\" \/>\n<meta property=\"og:locale\" content=\"fr_FR\" \/>\n<meta property=\"og:type\" content=\"article\" \/>\n<meta property=\"og:title\" content=\"R\u00e9alisation de soi - Annabelle Sabati\u00e9\" \/>\n<meta property=\"og:description\" content=\"Conna\u00eetre ses motivations, r\u00e9ussir, donner sens \u00e0 nos actes, nos choix et notre vie S&rsquo;am\u00e9liorer gr\u00e2ce \u00e0 ses erreurs et oser \u00eatre G\u00e9rer ses \u00e9motions et agir Se fixer des objectifs et savoir les atteindre Modalit\u00e9s Atelier en petit groupe (10 personnes maximum)Sur 2 jours de 10h00 \u00e0 17h00295\u20ac Prochaines dates Sessions compl\u00e8tes en 2021 [&hellip;]\" \/>\n<meta property=\"og:url\" content=\"https:\/\/psychannabelle.com\/index.php\/ateliers-bien-etre\/realisation-de-soi\/\" \/>\n<meta property=\"og:site_name\" content=\"Annabelle Sabati\u00e9\" \/>\n<meta property=\"article:modified_time\" content=\"2022-10-28T17:18:54+00:00\" \/>\n<meta name=\"twitter:card\" content=\"summary_large_image\" \/>\n<script type=\"application\/ld+json\" class=\"yoast-schema-graph\">{\"@context\":\"https:\/\/schema.org\",\"@graph\":[{\"@type\":[\"Person\",\"Organization\"],\"@id\":\"https:\/\/psychannabelle.com\/#\/schema\/person\/88445233405a9bd00f761d6c7891139e\",\"name\":\"annabellepsy\",\"image\":{\"@type\":\"ImageObject\",\"@id\":\"https:\/\/psychannabelle.com\/#personlogo\",\"inLanguage\":\"fr-FR\",\"url\":\"https:\/\/secure.gravatar.com\/avatar\/fd107e3fa90458ed3e6137f0d37890b0?s=96&d=mm&r=g\",\"caption\":\"annabellepsy\"},\"logo\":{\"@id\":\"https:\/\/psychannabelle.com\/#personlogo\"}},{\"@type\":\"WebSite\",\"@id\":\"https:\/\/psychannabelle.com\/#website\",\"url\":\"https:\/\/psychannabelle.com\/\",\"name\":\"Annabelle Sabati\\u00e9\",\"description\":\"Psychoth\\u00e9rapie, psychanalyse, sophrologie et hypnoth\\u00e9rapie en t\\u00e9l\\u00e9consultation ou en cabinet.\",\"publisher\":{\"@id\":\"https:\/\/psychannabelle.com\/#\/schema\/person\/88445233405a9bd00f761d6c7891139e\"},\"potentialAction\":[{\"@type\":\"SearchAction\",\"target\":\"https:\/\/psychannabelle.com\/?s={search_term_string}\",\"query-input\":\"required name=search_term_string\"}],\"inLanguage\":\"fr-FR\"},{\"@type\":\"WebPage\",\"@id\":\"https:\/\/psychannabelle.com\/index.php\/ateliers-bien-etre\/realisation-de-soi\/#webpage\",\"url\":\"https:\/\/psychannabelle.com\/index.php\/ateliers-bien-etre\/realisation-de-soi\/\",\"name\":\"R\\u00e9alisation de soi - Annabelle Sabati\\u00e9\",\"isPartOf\":{\"@id\":\"https:\/\/psychannabelle.com\/#website\"},\"datePublished\":\"2020-06-06T17:36:04+00:00\",\"dateModified\":\"2022-10-28T17:18:54+00:00\",\"inLanguage\":\"fr-FR\",\"potentialAction\":[{\"@type\":\"ReadAction\",\"target\":[\"https:\/\/psychannabelle.com\/index.php\/ateliers-bien-etre\/realisation-de-soi\/\"]}]}]}<\/script>\n<!-- \/ Yoast SEO plugin. -->","_links":{"self":[{"href":"https:\/\/psychannabelle.com\/index.php\/wp-json\/wp\/v2\/pages\/331"}],"collection":[{"href":"https:\/\/psychannabelle.com\/index.php\/wp-json\/wp\/v2\/pages"}],"about":[{"href":"https:\/\/psychannabelle.com\/index.php\/wp-json\/wp\/v2\/types\/page"}],"author":[{"embeddable":true,"href":"https:\/\/psychannabelle.com\/index.php\/wp-json\/wp\/v2\/users\/1"}],"replies":[{"embeddable":true,"href":"https:\/\/psychannabelle.com\/index.php\/wp-json\/wp\/v2\/comments?post=331"}],"version-history":[{"count":7,"href":"https:\/\/psychannabelle.com\/index.php\/wp-json\/wp\/v2\/pages\/331\/revisions"}],"predecessor-version":[{"id":448,"href":"https:\/\/psychannabelle.com\/index.php\/wp-json\/wp\/v2\/pages\/331\/revisions\/448"}],"up":[{"embeddable":true,"href":"https:\/\/psychannabelle.com\/index.php\/wp-json\/wp\/v2\/pages\/101"}],"wp:attachment":[{"href":"https:\/\/psychannabelle.com\/index.php\/wp-json\/wp\/v2\/media?parent=331"}],"curies":[{"name":"wp","href":"https:\/\/api.w.org\/{rel}","templated":true}]}}