{"id":323,"date":"2020-06-06T19:31:07","date_gmt":"2020-06-06T17:31:07","guid":{"rendered":"http:\/\/psychannabelle.com\/?page_id=323"},"modified":"2022-10-28T19:18:13","modified_gmt":"2022-10-28T17:18:13","slug":"confiance-en-soi","status":"publish","type":"page","link":"https:\/\/psychannabelle.com\/index.php\/ateliers-bien-etre\/confiance-en-soi\/","title":{"rendered":"Confiance en soi"},"content":{"rendered":"\n<p><strong>Se conna\u00eetre<\/strong> &#8211; Estime de soi<br>Qui suis-je ? Qu&rsquo;est ce qui me d\u00e9finit ? Qu&rsquo;est ce que je veux ? Quelle est ma place ?<br>C&rsquo;est s&rsquo;estimer \u00e0 sa juste valeur et s&rsquo;assurer d&rsquo;une unit\u00e9 entre son corps, son esprit, son coeur et ses actes.<br><br><strong>Se comprendre<\/strong><br>\u00catre en accord avec soi, c&rsquo;est d\u00e9couvrir l&rsquo;incroyable richesse de son fonctionnement et d\u00e9velopper \u00e0 l&rsquo;aide d&rsquo;outils th\u00e9oriques et pratiques, ses capacit\u00e9s de m\u00e9morisation, de concentration, am\u00e9liorer son intelligence \u00e9motionnelle vers une <strong>confiance en soi<\/strong>.<\/p>\n\n\n\n<h4>Modalit\u00e9s<\/h4>\n\n\n\n<p>Atelier en petit groupe (4 \u00e0 10 personnes)<br>Sur 2 jours de 10h00 \u00e0 17h00<br>295\u20ac<\/p>\n\n\n\n<h4>Prochaines dates<\/h4>\n\n\n\n<p><span class=\"has-inline-color has-accent-color\"><strong>Sessions compl\u00e8tes en 202<\/strong><\/span>1<br><br>Samedi 6 et dimanche 7 mars 2021 \u00e0 Metz (57 Moselle) COMPLET<br>Samedi 27 et dimanche 28 mars 2021 \u00e0 Vannes (56 Morbihan)COMPLET<br>Samedi 1er mai et dimanche 2 mai 2021 \u00e0 Metz (57 Moselle)COMPLET<br>Samedi 29 et dimanche 30 mai 2021 \u00e0 Vannes (56 Morbihan)COMPLET<\/p>\n\n\n\n<p><span class=\"has-inline-color has-accent-color\"><strong>Sessions \u00e0 venir en 2022 <\/strong><\/span><br><br><br>Samedi 12 et dimanche 13 mars 2022 \u00e0 BELZ VANNES(56 Morbihan) Reste 4 places<\/p>\n\n\n\n<p>\u00e0Samedi 07 et dimanche 08 mai 2022 \u00e0 BELZ  VANNES (56Morbihan)<\/p>\n\n\n\n<p>Reste 3 places<\/p>\n\n\n\n<p><\/p>\n\n\n\n<div class=\"wp-block-buttons is-content-justification-center\">\n<div class=\"wp-block-button\"><a class=\"wp-block-button__link\" href=\"https:\/\/perfactive.fr\/psychanalyste\/courcelles-sur-nied\/annabelle-sabatie-weber\">R\u00c9SERVER<\/a><\/div>\n<\/div>\n","protected":false},"excerpt":{"rendered":"<p>Se conna\u00eetre &#8211; Estime de soiQui suis-je ? Qu&rsquo;est ce qui me d\u00e9finit ? Qu&rsquo;est ce que je veux ? Quelle est ma place ?C&rsquo;est s&rsquo;estimer \u00e0 sa juste valeur et s&rsquo;assurer d&rsquo;une unit\u00e9 entre son corps, son esprit, son coeur et ses actes. Se comprendre\u00catre en accord avec soi, c&rsquo;est d\u00e9couvrir l&rsquo;incroyable richesse de [&hellip;]<\/p>\n","protected":false},"author":1,"featured_media":0,"parent":101,"menu_order":0,"comment_status":"closed","ping_status":"closed","template":"","meta":[],"yoast_head":"<!-- This site is optimized with the Yoast SEO plugin v14.2 - https:\/\/yoast.com\/wordpress\/plugins\/seo\/ -->\n<title>Confiance en soi - Annabelle Sabati\u00e9<\/title>\n<meta name=\"robots\" content=\"index, follow\" \/>\n<meta name=\"googlebot\" content=\"index, follow, max-snippet:-1, max-image-preview:large, max-video-preview:-1\" \/>\n<meta name=\"bingbot\" content=\"index, follow, max-snippet:-1, max-image-preview:large, max-video-preview:-1\" \/>\n<link rel=\"canonical\" href=\"https:\/\/psychannabelle.com\/index.php\/ateliers-bien-etre\/confiance-en-soi\/\" \/>\n<meta property=\"og:locale\" content=\"fr_FR\" \/>\n<meta property=\"og:type\" content=\"article\" \/>\n<meta property=\"og:title\" content=\"Confiance en soi - Annabelle Sabati\u00e9\" \/>\n<meta property=\"og:description\" content=\"Se conna\u00eetre &#8211; Estime de soiQui suis-je ? Qu&rsquo;est ce qui me d\u00e9finit ? Qu&rsquo;est ce que je veux ? Quelle est ma place ?C&rsquo;est s&rsquo;estimer \u00e0 sa juste valeur et s&rsquo;assurer d&rsquo;une unit\u00e9 entre son corps, son esprit, son coeur et ses actes. Se comprendre\u00catre en accord avec soi, c&rsquo;est d\u00e9couvrir l&rsquo;incroyable richesse de [&hellip;]\" \/>\n<meta property=\"og:url\" content=\"https:\/\/psychannabelle.com\/index.php\/ateliers-bien-etre\/confiance-en-soi\/\" \/>\n<meta property=\"og:site_name\" content=\"Annabelle Sabati\u00e9\" \/>\n<meta property=\"article:modified_time\" content=\"2022-10-28T17:18:13+00:00\" \/>\n<meta name=\"twitter:card\" content=\"summary_large_image\" \/>\n<script type=\"application\/ld+json\" class=\"yoast-schema-graph\">{\"@context\":\"https:\/\/schema.org\",\"@graph\":[{\"@type\":[\"Person\",\"Organization\"],\"@id\":\"https:\/\/psychannabelle.com\/#\/schema\/person\/88445233405a9bd00f761d6c7891139e\",\"name\":\"annabellepsy\",\"image\":{\"@type\":\"ImageObject\",\"@id\":\"https:\/\/psychannabelle.com\/#personlogo\",\"inLanguage\":\"fr-FR\",\"url\":\"https:\/\/secure.gravatar.com\/avatar\/fd107e3fa90458ed3e6137f0d37890b0?s=96&d=mm&r=g\",\"caption\":\"annabellepsy\"},\"logo\":{\"@id\":\"https:\/\/psychannabelle.com\/#personlogo\"}},{\"@type\":\"WebSite\",\"@id\":\"https:\/\/psychannabelle.com\/#website\",\"url\":\"https:\/\/psychannabelle.com\/\",\"name\":\"Annabelle Sabati\\u00e9\",\"description\":\"Psychoth\\u00e9rapie, psychanalyse, sophrologie et hypnoth\\u00e9rapie en t\\u00e9l\\u00e9consultation ou en cabinet.\",\"publisher\":{\"@id\":\"https:\/\/psychannabelle.com\/#\/schema\/person\/88445233405a9bd00f761d6c7891139e\"},\"potentialAction\":[{\"@type\":\"SearchAction\",\"target\":\"https:\/\/psychannabelle.com\/?s={search_term_string}\",\"query-input\":\"required name=search_term_string\"}],\"inLanguage\":\"fr-FR\"},{\"@type\":\"WebPage\",\"@id\":\"https:\/\/psychannabelle.com\/index.php\/ateliers-bien-etre\/confiance-en-soi\/#webpage\",\"url\":\"https:\/\/psychannabelle.com\/index.php\/ateliers-bien-etre\/confiance-en-soi\/\",\"name\":\"Confiance en soi - Annabelle Sabati\\u00e9\",\"isPartOf\":{\"@id\":\"https:\/\/psychannabelle.com\/#website\"},\"datePublished\":\"2020-06-06T17:31:07+00:00\",\"dateModified\":\"2022-10-28T17:18:13+00:00\",\"inLanguage\":\"fr-FR\",\"potentialAction\":[{\"@type\":\"ReadAction\",\"target\":[\"https:\/\/psychannabelle.com\/index.php\/ateliers-bien-etre\/confiance-en-soi\/\"]}]}]}<\/script>\n<!-- \/ Yoast SEO plugin. -->","_links":{"self":[{"href":"https:\/\/psychannabelle.com\/index.php\/wp-json\/wp\/v2\/pages\/323"}],"collection":[{"href":"https:\/\/psychannabelle.com\/index.php\/wp-json\/wp\/v2\/pages"}],"about":[{"href":"https:\/\/psychannabelle.com\/index.php\/wp-json\/wp\/v2\/types\/page"}],"author":[{"embeddable":true,"href":"https:\/\/psychannabelle.com\/index.php\/wp-json\/wp\/v2\/users\/1"}],"replies":[{"embeddable":true,"href":"https:\/\/psychannabelle.com\/index.php\/wp-json\/wp\/v2\/comments?post=323"}],"version-history":[{"count":12,"href":"https:\/\/psychannabelle.com\/index.php\/wp-json\/wp\/v2\/pages\/323\/revisions"}],"predecessor-version":[{"id":447,"href":"https:\/\/psychannabelle.com\/index.php\/wp-json\/wp\/v2\/pages\/323\/revisions\/447"}],"up":[{"embeddable":true,"href":"https:\/\/psychannabelle.com\/index.php\/wp-json\/wp\/v2\/pages\/101"}],"wp:attachment":[{"href":"https:\/\/psychannabelle.com\/index.php\/wp-json\/wp\/v2\/media?parent=323"}],"curies":[{"name":"wp","href":"https:\/\/api.w.org\/{rel}","templated":true}]}}