{"id":143,"date":"2020-06-01T21:58:43","date_gmt":"2020-06-01T19:58:43","guid":{"rendered":"http:\/\/psychannabelle.com\/?page_id=143"},"modified":"2022-10-28T19:22:58","modified_gmt":"2022-10-28T17:22:58","slug":"teleconsultation-psychotherapie","status":"publish","type":"page","link":"https:\/\/psychannabelle.com\/","title":{"rendered":"La confiance en soi en visio c&rsquo;est maintenant"},"content":{"rendered":"\n<div class=\"wp-block-image\"><figure class=\"aligncenter size-large\"><img loading=\"lazy\" width=\"800\" height=\"302\" src=\"http:\/\/psychannabelle.com\/wp-content\/uploads\/2020\/06\/corona-800x302-1.jpg\" alt=\"\" class=\"wp-image-208\" srcset=\"https:\/\/psychannabelle.com\/wp-content\/uploads\/2020\/06\/corona-800x302-1.jpg 800w, https:\/\/psychannabelle.com\/wp-content\/uploads\/2020\/06\/corona-800x302-1-300x113.jpg 300w, https:\/\/psychannabelle.com\/wp-content\/uploads\/2020\/06\/corona-800x302-1-768x290.jpg 768w\" sizes=\"(max-width: 800px) 100vw, 800px\" \/><\/figure><\/div>\n\n\n\n<h4 class=\"has-text-align-center\">Consultations et Covid-19  <\/h4>\n\n\n\n<p class=\"has-text-align-center has-normal-font-size\">Le cabinet a \u00e9t\u00e9 am\u00e9nag\u00e9 de mani\u00e8re \u00e0 vous recevoir en toute s\u00e9curit\u00e9. Les s\u00e9ances en t\u00e9l\u00e9consultation sont toujours disponibles.<\/p>\n\n\n\n<div class=\"wp-block-buttons is-content-justification-center\">\n<div class=\"wp-block-button\"><a class=\"wp-block-button__link\" href=\"https:\/\/perfactive.fr\/psychanalyste\/courcelles-sur-nied\/annabelle-sabatie-weber\">PRENDRE RDV EN LIGNE<\/a><\/div>\n<\/div>\n\n\n\n<hr class=\"wp-block-separator\"\/>\n\n\n\n<blockquote class=\"wp-block-quote has-text-align-center is-style-default\"><p>Fais de ta vie un r\u00eave, et d&rsquo;un r\u00eave une r\u00e9alit\u00e9.<\/p><cite>Antoine de Saint-Exup\u00e9ry<\/cite><\/blockquote>\n\n\n\n<p class=\"has-text-align-left has-normal-font-size\">Mme <strong>Annabelle Sabati\u00e9<\/strong> vous propose de vous accompagner dans une <strong>d\u00e9marche th\u00e9rapeutique<\/strong> et une <strong>approche int\u00e9grative<\/strong> afin que vous puissiez faire de votre vie un art : l&rsquo;art de vivre.<\/p>\n\n\n\n<p class=\"has-text-align-left has-normal-font-size\">En effet, ne vous arrive-t-il pas de vous <strong>d\u00e9valoriser<\/strong> ? D&rsquo;\u00eatre paralys\u00e9 par vos <strong>peurs<\/strong> ? Savez-vous vous <strong>remettre en question<\/strong> ? Acceptez-vous le <strong>changement<\/strong> ? Avez-vous v\u00e9cu des <strong>traumatismes<\/strong> ? Avez-vous fait le <strong>deuil<\/strong> de toutes les situations ou de toutes les personnes que vous avez aim\u00e9es ?<\/p>\n\n\n\n<p class=\"has-text-align-left has-normal-font-size\">Ainsi, les <strong>\u00e9motions<\/strong> s&rsquo;enfouissent , des <strong>m\u00e9canismes de d\u00e9fense<\/strong> s&rsquo;installent et un jour c&rsquo;est votre corps qui dit stop. <\/p>\n\n\n\n<p class=\"has-text-align-left has-normal-font-size\">C&rsquo;est pourquoi je vous accompagne dans une <strong>th\u00e9rapie adapt\u00e9e<\/strong> (psychanalytique, sophrologie, gestalt, hypnose, sexoth\u00e9rapie, psychographologie). Madame <strong>Annabelle Sabati\u00e9<\/strong>, votre psychanalyste reste \u00e0 votre <strong>\u00e9coute<\/strong> en consultation ou <strong>t\u00e9l\u00e9consultation psy<\/strong>.<\/p>\n\n\n\n<div class=\"wp-block-columns\">\n<div class=\"wp-block-column\">\n<h3>Cabinet<\/h3>\n\n\n\n<p>6 Rue du Breuil<br>57530 Courcelles sur Nied<br>06 66 32 14 43<\/p>\n<\/div>\n\n\n\n<div class=\"wp-block-column\">\n<h3 class=\"has-text-align-right\">Consultations<\/h3>\n\n\n\n<p class=\"has-text-align-right has-normal-font-size\">Du lundi au vendredi<br>9h00 &#8211; 18h30<br>Samedi 8h &#8211; 12h<\/p>\n<\/div>\n<\/div>\n\n\n\n<hr class=\"wp-block-separator\"\/>\n\n\n\n<div class=\"wp-block-cover alignwide has-background-dim\" style=\"min-height:250px\"><img loading=\"lazy\" width=\"5472\" height=\"2352\" class=\"wp-block-cover__image-background wp-image-178\" alt=\"\" src=\"http:\/\/psychannabelle.com\/wp-content\/uploads\/2020\/06\/denys-nevozhai-z0nVqfrOqWA-unsplash-e1591108673287.jpg\" style=\"object-position:51% 24%\" data-object-fit=\"cover\" data-object-position=\"51% 24%\" srcset=\"https:\/\/psychannabelle.com\/wp-content\/uploads\/2020\/06\/denys-nevozhai-z0nVqfrOqWA-unsplash-e1591108673287.jpg 5472w, https:\/\/psychannabelle.com\/wp-content\/uploads\/2020\/06\/denys-nevozhai-z0nVqfrOqWA-unsplash-e1591108673287-300x129.jpg 300w, https:\/\/psychannabelle.com\/wp-content\/uploads\/2020\/06\/denys-nevozhai-z0nVqfrOqWA-unsplash-e1591108673287-768x330.jpg 768w, https:\/\/psychannabelle.com\/wp-content\/uploads\/2020\/06\/denys-nevozhai-z0nVqfrOqWA-unsplash-e1591108673287-1024x440.jpg 1024w, https:\/\/psychannabelle.com\/wp-content\/uploads\/2020\/06\/denys-nevozhai-z0nVqfrOqWA-unsplash-e1591108673287-1200x516.jpg 1200w, https:\/\/psychannabelle.com\/wp-content\/uploads\/2020\/06\/denys-nevozhai-z0nVqfrOqWA-unsplash-e1591108673287-1980x851.jpg 1980w, https:\/\/psychannabelle.com\/wp-content\/uploads\/2020\/06\/denys-nevozhai-z0nVqfrOqWA-unsplash-e1591108673287-1536x660.jpg 1536w, https:\/\/psychannabelle.com\/wp-content\/uploads\/2020\/06\/denys-nevozhai-z0nVqfrOqWA-unsplash-e1591108673287-2048x880.jpg 2048w\" sizes=\"(max-width: 5472px) 100vw, 5472px\" \/><div class=\"wp-block-cover__inner-container\">\n<h4 class=\"has-text-align-center\">Ateliers de d\u00e9veloppement personnel<\/h4>\n<\/div><\/div>\n\n\n\n<p class=\"has-drop-cap has-text-align-left has-normal-font-size\">Une bo\u00eete \u00e0 outils de coaching pour vous accompagner vers le changement, moyenner et r\u00e9ussir ses objectifs et le tout en accord avec soi.<\/p>\n\n\n\n<div class=\"wp-block-buttons is-content-justification-center\">\n<div class=\"wp-block-button\"><a class=\"wp-block-button__link\" href=\"https:\/\/psychannabelle.com\/index.php\/ateliers-bien-etre\/\">en savoir plus<\/a><\/div>\n<\/div>\n\n\n\n<hr class=\"wp-block-separator\"\/>\n\n\n\n<div class=\"wp-block-columns are-vertically-aligned-center\">\n<div class=\"wp-block-column is-vertically-aligned-center\" style=\"flex-basis:66.66%\">\n<h3>Psychanalyse<\/h3>\n<\/div>\n\n\n\n<div class=\"wp-block-column is-vertically-aligned-center\" style=\"flex-basis:33.33%\">\n<div class=\"wp-block-buttons\">\n<div class=\"wp-block-button is-style-outline\"><a class=\"wp-block-button__link\" href=\"https:\/\/psychannabelle.com\/index.php\/psychanalyse\/\">plus d&rsquo;infos<\/a><\/div>\n<\/div>\n<\/div>\n<\/div>\n\n\n\n<pre class=\"wp-block-verse\">Englobe l'\u00eatre dans sa globalit\u00e9 et laisse place \u00e0\n<strong>l'inconscient<\/strong>.<\/pre>\n\n\n\n<div class=\"wp-block-columns are-vertically-aligned-center\">\n<div class=\"wp-block-column is-vertically-aligned-center\" style=\"flex-basis:66.66%\">\n<h3>Psychoth\u00e9rapie<\/h3>\n<\/div>\n\n\n\n<div class=\"wp-block-column is-vertically-aligned-center\" style=\"flex-basis:33.33%\">\n<div class=\"wp-block-buttons\">\n<div class=\"wp-block-button is-style-outline\"><a class=\"wp-block-button__link\" href=\"https:\/\/psychannabelle.com\/index.php\/psychanalyse\/psychotherapie\/\">plus d&rsquo;infos<\/a><\/div>\n<\/div>\n\n\n\n<p><\/p>\n<\/div>\n<\/div>\n\n\n\n<pre class=\"wp-block-verse\">R\u00e9flexion et questionnement sur un <strong>mal-\u00eatre<\/strong>.<\/pre>\n\n\n\n<div class=\"wp-block-columns are-vertically-aligned-center\">\n<div class=\"wp-block-column is-vertically-aligned-center\" style=\"flex-basis:66.66%\">\n<h3>Sophrologie et hypnoth\u00e9rapie<\/h3>\n<\/div>\n\n\n\n<div class=\"wp-block-column is-vertically-aligned-center\" style=\"flex-basis:33.33%\">\n<div class=\"wp-block-buttons\">\n<div class=\"wp-block-button is-style-outline\"><a class=\"wp-block-button__link\" href=\"https:\/\/psychannabelle.com\/index.php\/psychanalyse\/sophrologie\/\">plus d&rsquo;infos<\/a><\/div>\n<\/div>\n\n\n\n<p><\/p>\n<\/div>\n<\/div>\n\n\n\n<pre class=\"wp-block-verse\">Pr\u00e9paration \u00e0 tous types d'\u00e9v\u00e9nements et situations.<\/pre>\n\n\n\n<hr class=\"wp-block-separator\"\/>\n\n\n\n<div class=\"wp-block-columns\">\n<div class=\"wp-block-column\">\n<p class=\"has-normal-font-size\">Annabelle Sabati\u00e9<br>Psychanalyste<\/p>\n<\/div>\n\n\n\n<div class=\"wp-block-column\">\n<p class=\"has-text-align-center\">6 Rue du Breuil<br>57530 Courcelles sur Nied<\/p>\n<\/div>\n\n\n\n<div class=\"wp-block-column\">\n<p class=\"has-text-align-right\">06 66 32 14 43<br><a href=\"https:\/\/perfactive.fr\/psychanalyste\/courcelles-sur-nied\/annabelle-sabatie-weber\">Prendre RDV en ligne<\/a><\/p>\n<\/div>\n<\/div>\n","protected":false},"excerpt":{"rendered":"<p>Consultations et Covid-19 Le cabinet a \u00e9t\u00e9 am\u00e9nag\u00e9 de mani\u00e8re \u00e0 vous recevoir en toute s\u00e9curit\u00e9. Les s\u00e9ances en t\u00e9l\u00e9consultation sont toujours disponibles. Fais de ta vie un r\u00eave, et d&rsquo;un r\u00eave une r\u00e9alit\u00e9. Antoine de Saint-Exup\u00e9ry Mme Annabelle Sabati\u00e9 vous propose de vous accompagner dans une d\u00e9marche th\u00e9rapeutique et une approche int\u00e9grative afin que [&hellip;]<\/p>\n","protected":false},"author":1,"featured_media":439,"parent":0,"menu_order":1,"comment_status":"closed","ping_status":"closed","template":"templates\/template-cover.php","meta":[],"yoast_head":"<!-- This site is optimized with the Yoast SEO plugin v14.2 - https:\/\/yoast.com\/wordpress\/plugins\/seo\/ -->\n<title>La confiance en soi en visio c&#039;est maintenant - Annabelle Sabati\u00e9 Psychoth\u00e9rapie, psychanalyse, sophrologie et hypnoth\u00e9rapie en t\u00e9l\u00e9consultation ou en cabinet.<\/title>\n<meta name=\"description\" content=\"Consultation et t\u00e9l\u00e9consultation de psychoth\u00e9rapie, psychanalyse, sophrologie et hypnoth\u00e9rapie. D\u00e9couvrez les ateliers autour de la confiance et la r\u00e9alisation de soi !\" \/>\n<meta name=\"robots\" content=\"index, follow\" \/>\n<meta name=\"googlebot\" content=\"index, follow, max-snippet:-1, max-image-preview:large, max-video-preview:-1\" \/>\n<meta name=\"bingbot\" content=\"index, follow, max-snippet:-1, max-image-preview:large, max-video-preview:-1\" \/>\n<link rel=\"canonical\" href=\"https:\/\/psychannabelle.com\/\" \/>\n<meta property=\"og:locale\" content=\"fr_FR\" \/>\n<meta property=\"og:type\" content=\"article\" \/>\n<meta property=\"og:title\" content=\"La confiance en soi en visio c&#039;est maintenant - Annabelle Sabati\u00e9 Psychoth\u00e9rapie, psychanalyse, sophrologie et hypnoth\u00e9rapie en t\u00e9l\u00e9consultation ou en cabinet.\" \/>\n<meta property=\"og:description\" content=\"Consultation et t\u00e9l\u00e9consultation de psychoth\u00e9rapie, psychanalyse, sophrologie et hypnoth\u00e9rapie. D\u00e9couvrez les ateliers autour de la confiance et la r\u00e9alisation de soi !\" \/>\n<meta property=\"og:url\" content=\"https:\/\/psychannabelle.com\/\" \/>\n<meta property=\"og:site_name\" content=\"Annabelle Sabati\u00e9\" \/>\n<meta property=\"article:modified_time\" content=\"2022-10-28T17:22:58+00:00\" \/>\n<meta property=\"og:image\" content=\"https:\/\/psychannabelle.com\/wp-content\/uploads\/2021\/06\/Artboard-1-1024x768.png\" \/>\n\t<meta property=\"og:image:width\" content=\"1024\" \/>\n\t<meta property=\"og:image:height\" content=\"768\" \/>\n<meta name=\"twitter:card\" content=\"summary_large_image\" \/>\n<script type=\"application\/ld+json\" class=\"yoast-schema-graph\">{\"@context\":\"https:\/\/schema.org\",\"@graph\":[{\"@type\":[\"Person\",\"Organization\"],\"@id\":\"https:\/\/psychannabelle.com\/#\/schema\/person\/88445233405a9bd00f761d6c7891139e\",\"name\":\"annabellepsy\",\"image\":{\"@type\":\"ImageObject\",\"@id\":\"https:\/\/psychannabelle.com\/#personlogo\",\"inLanguage\":\"fr-FR\",\"url\":\"https:\/\/secure.gravatar.com\/avatar\/fd107e3fa90458ed3e6137f0d37890b0?s=96&d=mm&r=g\",\"caption\":\"annabellepsy\"},\"logo\":{\"@id\":\"https:\/\/psychannabelle.com\/#personlogo\"}},{\"@type\":\"WebSite\",\"@id\":\"https:\/\/psychannabelle.com\/#website\",\"url\":\"https:\/\/psychannabelle.com\/\",\"name\":\"Annabelle Sabati\\u00e9\",\"description\":\"Psychoth\\u00e9rapie, psychanalyse, sophrologie et hypnoth\\u00e9rapie en t\\u00e9l\\u00e9consultation ou en cabinet.\",\"publisher\":{\"@id\":\"https:\/\/psychannabelle.com\/#\/schema\/person\/88445233405a9bd00f761d6c7891139e\"},\"potentialAction\":[{\"@type\":\"SearchAction\",\"target\":\"https:\/\/psychannabelle.com\/?s={search_term_string}\",\"query-input\":\"required name=search_term_string\"}],\"inLanguage\":\"fr-FR\"},{\"@type\":\"ImageObject\",\"@id\":\"https:\/\/psychannabelle.com\/#primaryimage\",\"inLanguage\":\"fr-FR\",\"url\":\"https:\/\/psychannabelle.com\/wp-content\/uploads\/2021\/06\/Artboard-1.png\",\"width\":2048,\"height\":1536},{\"@type\":\"WebPage\",\"@id\":\"https:\/\/psychannabelle.com\/#webpage\",\"url\":\"https:\/\/psychannabelle.com\/\",\"name\":\"La confiance en soi en visio c'est maintenant - Annabelle Sabati\\u00e9 Psychoth\\u00e9rapie, psychanalyse, sophrologie et hypnoth\\u00e9rapie en t\\u00e9l\\u00e9consultation ou en cabinet.\",\"isPartOf\":{\"@id\":\"https:\/\/psychannabelle.com\/#website\"},\"primaryImageOfPage\":{\"@id\":\"https:\/\/psychannabelle.com\/#primaryimage\"},\"datePublished\":\"2020-06-01T19:58:43+00:00\",\"dateModified\":\"2022-10-28T17:22:58+00:00\",\"description\":\"Consultation et t\\u00e9l\\u00e9consultation de psychoth\\u00e9rapie, psychanalyse, sophrologie et hypnoth\\u00e9rapie. D\\u00e9couvrez les ateliers autour de la confiance et la r\\u00e9alisation de soi !\",\"inLanguage\":\"fr-FR\",\"potentialAction\":[{\"@type\":\"ReadAction\",\"target\":[\"https:\/\/psychannabelle.com\/\"]}]}]}<\/script>\n<!-- \/ Yoast SEO plugin. -->","_links":{"self":[{"href":"https:\/\/psychannabelle.com\/index.php\/wp-json\/wp\/v2\/pages\/143"}],"collection":[{"href":"https:\/\/psychannabelle.com\/index.php\/wp-json\/wp\/v2\/pages"}],"about":[{"href":"https:\/\/psychannabelle.com\/index.php\/wp-json\/wp\/v2\/types\/page"}],"author":[{"embeddable":true,"href":"https:\/\/psychannabelle.com\/index.php\/wp-json\/wp\/v2\/users\/1"}],"replies":[{"embeddable":true,"href":"https:\/\/psychannabelle.com\/index.php\/wp-json\/wp\/v2\/comments?post=143"}],"version-history":[{"count":78,"href":"https:\/\/psychannabelle.com\/index.php\/wp-json\/wp\/v2\/pages\/143\/revisions"}],"predecessor-version":[{"id":455,"href":"https:\/\/psychannabelle.com\/index.php\/wp-json\/wp\/v2\/pages\/143\/revisions\/455"}],"wp:featuredmedia":[{"embeddable":true,"href":"https:\/\/psychannabelle.com\/index.php\/wp-json\/wp\/v2\/media\/439"}],"wp:attachment":[{"href":"https:\/\/psychannabelle.com\/index.php\/wp-json\/wp\/v2\/media?parent=143"}],"curies":[{"name":"wp","href":"https:\/\/api.w.org\/{rel}","templated":true}]}}