{"id":101,"date":"2020-06-01T20:30:44","date_gmt":"2020-06-01T18:30:44","guid":{"rendered":"http:\/\/psychannabelle.com\/?page_id=101"},"modified":"2022-10-28T19:17:46","modified_gmt":"2022-10-28T17:17:46","slug":"ateliers-bien-etre","status":"publish","type":"page","link":"https:\/\/psychannabelle.com\/index.php\/ateliers-bien-etre\/","title":{"rendered":"Ateliers bien-\u00eatre"},"content":{"rendered":"\n<p>Un parcours en deux modules : une boite \u00e0 outils de coaching pour vous accompagner vers le changement, la confiance en soi, progresser et r\u00e9ussir ses objectifs, le tout en accord avec soi.<\/p>\n\n\n\n<div class=\"wp-block-columns alignwide\">\n<div class=\"wp-block-column is-vertically-aligned-top\">\n<div class=\"wp-block-cover has-background-dim\" style=\"min-height:150px\"><img loading=\"lazy\" width=\"2560\" height=\"1709\" class=\"wp-block-cover__image-background wp-image-315\" alt=\"\" src=\"http:\/\/psychannabelle.com\/wp-content\/uploads\/2020\/06\/persnickety-prints-bDDwMZ8k-ZA-unsplash-4-scaled.jpg\" style=\"object-position:47% 62%\" data-object-fit=\"cover\" data-object-position=\"47% 62%\" srcset=\"https:\/\/psychannabelle.com\/wp-content\/uploads\/2020\/06\/persnickety-prints-bDDwMZ8k-ZA-unsplash-4-scaled.jpg 2560w, https:\/\/psychannabelle.com\/wp-content\/uploads\/2020\/06\/persnickety-prints-bDDwMZ8k-ZA-unsplash-4-300x200.jpg 300w, https:\/\/psychannabelle.com\/wp-content\/uploads\/2020\/06\/persnickety-prints-bDDwMZ8k-ZA-unsplash-4-1024x684.jpg 1024w, https:\/\/psychannabelle.com\/wp-content\/uploads\/2020\/06\/persnickety-prints-bDDwMZ8k-ZA-unsplash-4-768x513.jpg 768w, https:\/\/psychannabelle.com\/wp-content\/uploads\/2020\/06\/persnickety-prints-bDDwMZ8k-ZA-unsplash-4-1536x1025.jpg 1536w, https:\/\/psychannabelle.com\/wp-content\/uploads\/2020\/06\/persnickety-prints-bDDwMZ8k-ZA-unsplash-4-2048x1367.jpg 2048w, https:\/\/psychannabelle.com\/wp-content\/uploads\/2020\/06\/persnickety-prints-bDDwMZ8k-ZA-unsplash-4-1200x801.jpg 1200w, https:\/\/psychannabelle.com\/wp-content\/uploads\/2020\/06\/persnickety-prints-bDDwMZ8k-ZA-unsplash-4-1980x1322.jpg 1980w\" sizes=\"(max-width: 2560px) 100vw, 2560px\" \/><div class=\"wp-block-cover__inner-container\">\n<p class=\"has-text-align-center has-large-font-size\">Atelier 1<\/p>\n<\/div><\/div>\n\n\n\n<h3 class=\"has-text-align-center\"><a href=\"http:\/\/psychannabelle.com\/index.php\/ateliers\/confiance-en-soi\/\"><span class=\"has-inline-color has-primary-color\">La libert\u00e9 d&rsquo;\u00eatre soi<\/span><\/a><\/h3>\n\n\n\n<p class=\"has-text-align-center has-small-font-size\">Se conna\u00eetre, s&rsquo;estimer et accro\u00eetre sa confiance en soi.<br><span class=\"has-inline-color has-accent-color\"><strong>Oser d&rsquo;\u00eatre<\/strong><\/span><strong> <\/strong><\/p>\n<\/div>\n\n\n\n<div class=\"wp-block-column is-vertically-aligned-top\">\n<div class=\"wp-block-cover has-background-dim\" style=\"min-height:150px\"><img loading=\"lazy\" width=\"2560\" height=\"1920\" class=\"wp-block-cover__image-background wp-image-316\" alt=\"\" src=\"http:\/\/psychannabelle.com\/wp-content\/uploads\/2020\/06\/lital-levy-CnE03TYi9Wc-unsplash-1-scaled.jpg\" style=\"object-position:49% 60%\" data-object-fit=\"cover\" data-object-position=\"49% 60%\" srcset=\"https:\/\/psychannabelle.com\/wp-content\/uploads\/2020\/06\/lital-levy-CnE03TYi9Wc-unsplash-1-scaled.jpg 2560w, https:\/\/psychannabelle.com\/wp-content\/uploads\/2020\/06\/lital-levy-CnE03TYi9Wc-unsplash-1-300x225.jpg 300w, https:\/\/psychannabelle.com\/wp-content\/uploads\/2020\/06\/lital-levy-CnE03TYi9Wc-unsplash-1-1024x768.jpg 1024w, https:\/\/psychannabelle.com\/wp-content\/uploads\/2020\/06\/lital-levy-CnE03TYi9Wc-unsplash-1-768x576.jpg 768w, https:\/\/psychannabelle.com\/wp-content\/uploads\/2020\/06\/lital-levy-CnE03TYi9Wc-unsplash-1-1536x1152.jpg 1536w, https:\/\/psychannabelle.com\/wp-content\/uploads\/2020\/06\/lital-levy-CnE03TYi9Wc-unsplash-1-2048x1536.jpg 2048w, https:\/\/psychannabelle.com\/wp-content\/uploads\/2020\/06\/lital-levy-CnE03TYi9Wc-unsplash-1-1200x900.jpg 1200w, https:\/\/psychannabelle.com\/wp-content\/uploads\/2020\/06\/lital-levy-CnE03TYi9Wc-unsplash-1-1980x1485.jpg 1980w\" sizes=\"(max-width: 2560px) 100vw, 2560px\" \/><div class=\"wp-block-cover__inner-container\">\n<p class=\"has-text-align-center has-large-font-size\">Atelier 2<\/p>\n<\/div><\/div>\n\n\n\n<h3 class=\"has-text-align-center\"><a href=\"http:\/\/psychannabelle.com\/index.php\/ateliers\/realisation-de-soi\/\"><span class=\"has-inline-color has-primary-color\">La r\u00e9alisation de soi<\/span><\/a><\/h3>\n\n\n\n<p class=\"has-text-align-center has-small-font-size\">Comprendre et rester motiv\u00e9, \u00eatre acteur de sa vie.<br><span class=\"has-inline-color has-accent-color\"><strong>Agir pour r\u00e9ussir<\/strong><\/span><\/p>\n<\/div>\n<\/div>\n\n\n\n<p class=\"has-text-align-center\"><strong>Des stages bien-\u00eatre pr\u00e8s de chez vous ! (Lorraine, Bretagne, \u00cele-de-France)<\/strong><\/p>\n\n\n\n<p><\/p>\n\n\n\n<p class=\"has-text-align-center\">Atelier en petit groupe (10 personnes maximum)<br>Sur 2 jours de 10h00 \u00e0 17h00<br><strong>295\u20ac<\/strong>\/atelier<br>Remise de 10% pour les deux modules soit 531\u20ac au lieu de 590\u20ac<\/p>\n\n\n\n<div class=\"wp-block-buttons is-content-justification-center\">\n<div class=\"wp-block-button\"><a class=\"wp-block-button__link\" href=\"https:\/\/perfactive.fr\/psychanalyste\/courcelles-sur-nied\/annabelle-sabatie-weber\">r\u00e9server<\/a><\/div>\n<\/div>\n\n\n\n<p><\/p>\n\n\n\n<p><\/p>\n","protected":false},"excerpt":{"rendered":"<p>Un parcours en deux modules : une boite \u00e0 outils de coaching pour vous accompagner vers le changement, la confiance en soi, progresser et r\u00e9ussir ses objectifs, le tout en accord avec soi. La libert\u00e9 d&rsquo;\u00eatre soi Se conna\u00eetre, s&rsquo;estimer et accro\u00eetre sa confiance en soi.Oser d&rsquo;\u00eatre La r\u00e9alisation de soi Comprendre et rester motiv\u00e9, [&hellip;]<\/p>\n","protected":false},"author":1,"featured_media":0,"parent":0,"menu_order":0,"comment_status":"closed","ping_status":"closed","template":"","meta":[],"yoast_head":"<!-- This site is optimized with the Yoast SEO plugin v14.2 - https:\/\/yoast.com\/wordpress\/plugins\/seo\/ -->\n<title>Ateliers bien-\u00eatre - Annabelle Sabati\u00e9<\/title>\n<meta name=\"description\" content=\"Devenez ma\u00eetre de votre vie ! Booster sa confiance en soi et accomplir ses objectifs en participant \u00e0 des ateliers accompagn\u00e9 d&#039;un coach de vie.\" \/>\n<meta name=\"robots\" content=\"index, follow\" \/>\n<meta name=\"googlebot\" content=\"index, follow, max-snippet:-1, max-image-preview:large, max-video-preview:-1\" \/>\n<meta name=\"bingbot\" content=\"index, follow, max-snippet:-1, max-image-preview:large, max-video-preview:-1\" \/>\n<link rel=\"canonical\" href=\"https:\/\/psychannabelle.com\/index.php\/ateliers-bien-etre\/\" \/>\n<meta property=\"og:locale\" content=\"fr_FR\" \/>\n<meta property=\"og:type\" content=\"article\" \/>\n<meta property=\"og:title\" content=\"Ateliers bien-\u00eatre - Annabelle Sabati\u00e9\" \/>\n<meta property=\"og:description\" content=\"Devenez ma\u00eetre de votre vie ! Booster sa confiance en soi et accomplir ses objectifs en participant \u00e0 des ateliers accompagn\u00e9 d&#039;un coach de vie.\" \/>\n<meta property=\"og:url\" content=\"https:\/\/psychannabelle.com\/index.php\/ateliers-bien-etre\/\" \/>\n<meta property=\"og:site_name\" content=\"Annabelle Sabati\u00e9\" \/>\n<meta property=\"article:modified_time\" content=\"2022-10-28T17:17:46+00:00\" \/>\n<meta property=\"og:image\" content=\"http:\/\/psychannabelle.com\/wp-content\/uploads\/2020\/06\/persnickety-prints-bDDwMZ8k-ZA-unsplash-4-scaled.jpg\" \/>\n<meta name=\"twitter:card\" content=\"summary_large_image\" \/>\n<script type=\"application\/ld+json\" class=\"yoast-schema-graph\">{\"@context\":\"https:\/\/schema.org\",\"@graph\":[{\"@type\":[\"Person\",\"Organization\"],\"@id\":\"https:\/\/psychannabelle.com\/#\/schema\/person\/88445233405a9bd00f761d6c7891139e\",\"name\":\"annabellepsy\",\"image\":{\"@type\":\"ImageObject\",\"@id\":\"https:\/\/psychannabelle.com\/#personlogo\",\"inLanguage\":\"fr-FR\",\"url\":\"https:\/\/secure.gravatar.com\/avatar\/fd107e3fa90458ed3e6137f0d37890b0?s=96&d=mm&r=g\",\"caption\":\"annabellepsy\"},\"logo\":{\"@id\":\"https:\/\/psychannabelle.com\/#personlogo\"}},{\"@type\":\"WebSite\",\"@id\":\"https:\/\/psychannabelle.com\/#website\",\"url\":\"https:\/\/psychannabelle.com\/\",\"name\":\"Annabelle Sabati\\u00e9\",\"description\":\"Psychoth\\u00e9rapie, psychanalyse, sophrologie et hypnoth\\u00e9rapie en t\\u00e9l\\u00e9consultation ou en cabinet.\",\"publisher\":{\"@id\":\"https:\/\/psychannabelle.com\/#\/schema\/person\/88445233405a9bd00f761d6c7891139e\"},\"potentialAction\":[{\"@type\":\"SearchAction\",\"target\":\"https:\/\/psychannabelle.com\/?s={search_term_string}\",\"query-input\":\"required name=search_term_string\"}],\"inLanguage\":\"fr-FR\"},{\"@type\":\"ImageObject\",\"@id\":\"https:\/\/psychannabelle.com\/index.php\/ateliers-bien-etre\/#primaryimage\",\"inLanguage\":\"fr-FR\",\"url\":\"http:\/\/psychannabelle.com\/wp-content\/uploads\/2020\/06\/persnickety-prints-bDDwMZ8k-ZA-unsplash-4-scaled.jpg\"},{\"@type\":\"WebPage\",\"@id\":\"https:\/\/psychannabelle.com\/index.php\/ateliers-bien-etre\/#webpage\",\"url\":\"https:\/\/psychannabelle.com\/index.php\/ateliers-bien-etre\/\",\"name\":\"Ateliers bien-\\u00eatre - Annabelle Sabati\\u00e9\",\"isPartOf\":{\"@id\":\"https:\/\/psychannabelle.com\/#website\"},\"primaryImageOfPage\":{\"@id\":\"https:\/\/psychannabelle.com\/index.php\/ateliers-bien-etre\/#primaryimage\"},\"datePublished\":\"2020-06-01T18:30:44+00:00\",\"dateModified\":\"2022-10-28T17:17:46+00:00\",\"description\":\"Devenez ma\\u00eetre de votre vie ! Booster sa confiance en soi et accomplir ses objectifs en participant \\u00e0 des ateliers accompagn\\u00e9 d'un coach de vie.\",\"inLanguage\":\"fr-FR\",\"potentialAction\":[{\"@type\":\"ReadAction\",\"target\":[\"https:\/\/psychannabelle.com\/index.php\/ateliers-bien-etre\/\"]}]}]}<\/script>\n<!-- \/ Yoast SEO plugin. -->","_links":{"self":[{"href":"https:\/\/psychannabelle.com\/index.php\/wp-json\/wp\/v2\/pages\/101"}],"collection":[{"href":"https:\/\/psychannabelle.com\/index.php\/wp-json\/wp\/v2\/pages"}],"about":[{"href":"https:\/\/psychannabelle.com\/index.php\/wp-json\/wp\/v2\/types\/page"}],"author":[{"embeddable":true,"href":"https:\/\/psychannabelle.com\/index.php\/wp-json\/wp\/v2\/users\/1"}],"replies":[{"embeddable":true,"href":"https:\/\/psychannabelle.com\/index.php\/wp-json\/wp\/v2\/comments?post=101"}],"version-history":[{"count":17,"href":"https:\/\/psychannabelle.com\/index.php\/wp-json\/wp\/v2\/pages\/101\/revisions"}],"predecessor-version":[{"id":446,"href":"https:\/\/psychannabelle.com\/index.php\/wp-json\/wp\/v2\/pages\/101\/revisions\/446"}],"wp:attachment":[{"href":"https:\/\/psychannabelle.com\/index.php\/wp-json\/wp\/v2\/media?parent=101"}],"curies":[{"name":"wp","href":"https:\/\/api.w.org\/{rel}","templated":true}]}}